{"id":11,"date":"2025-04-16T12:31:07","date_gmt":"2025-04-16T15:31:07","guid":{"rendered":"https:\/\/cuentapublica.dpp.cl\/?page_id=11"},"modified":"2025-04-16T14:01:50","modified_gmt":"2025-04-16T17:01:50","slug":"cuenta-publica-2024","status":"publish","type":"page","link":"https:\/\/cuentapublica.dpp.cl\/?page_id=11","title":{"rendered":"Proceso Participativo Cuenta P\u00fablica 2023"},"content":{"rendered":"\n<figure class=\"wp-block-image size-full\"><img fetchpriority=\"high\" decoding=\"async\" width=\"2054\" height=\"345\" src=\"https:\/\/cuentapublica.dpp.cl\/wp-content\/uploads\/2025\/04\/header_2024.jpg\" alt=\"\" class=\"wp-image-14\" srcset=\"https:\/\/cuentapublica.dpp.cl\/wp-content\/uploads\/2025\/04\/header_2024.jpg 2054w, https:\/\/cuentapublica.dpp.cl\/wp-content\/uploads\/2025\/04\/header_2024-300x50.jpg 300w, https:\/\/cuentapublica.dpp.cl\/wp-content\/uploads\/2025\/04\/header_2024-1024x172.jpg 1024w, https:\/\/cuentapublica.dpp.cl\/wp-content\/uploads\/2025\/04\/header_2024-768x129.jpg 768w, https:\/\/cuentapublica.dpp.cl\/wp-content\/uploads\/2025\/04\/header_2024-1536x258.jpg 1536w, https:\/\/cuentapublica.dpp.cl\/wp-content\/uploads\/2025\/04\/header_2024-2048x344.jpg 2048w\" sizes=\"(max-width: 2054px) 100vw, 2054px\" \/><\/figure>\n\n\n\n<div data-wp-interactive=\"core\/file\" class=\"wp-block-file\"><object data-wp-bind--hidden=\"!state.hasPdfPreview\" hidden class=\"wp-block-file__embed\" data=\"https:\/\/cuentapublica.dpp.cl\/wp-content\/uploads\/2025\/04\/Informe_Ejecutivo_2023-02-1.pdf\" type=\"application\/pdf\" style=\"width:100%;height:600px\" aria-label=\"Incrustado de Informe_Ejecutivo_2023-02.\"><\/object><a id=\"wp-block-file--media-53ec8424-f494-422c-9761-324bb460ced1\" href=\"https:\/\/cuentapublica.dpp.cl\/wp-content\/uploads\/2025\/04\/Informe_Ejecutivo_2023-02-1.pdf\">Informe_Ejecutivo_2023-02<\/a><a href=\"https:\/\/cuentapublica.dpp.cl\/wp-content\/uploads\/2025\/04\/Informe_Ejecutivo_2023-02-1.pdf\" class=\"wp-block-file__button wp-element-button\" download aria-describedby=\"wp-block-file--media-53ec8424-f494-422c-9761-324bb460ced1\">Descargar<\/a><\/div>\n\n\n\n<figure class=\"wp-block-embed is-type-video is-provider-youtube wp-block-embed-youtube wp-embed-aspect-16-9 wp-has-aspect-ratio\"><div class=\"wp-block-embed__wrapper\">\n<iframe title=\"Cuenta P\u00fablica 2023 Defensor\u00eda Penal P\u00fablica\" width=\"800\" height=\"450\" src=\"https:\/\/www.youtube.com\/embed\/za4QyU3zMDY?feature=oembed\" frameborder=\"0\" allow=\"accelerometer; autoplay; clipboard-write; encrypted-media; gyroscope; picture-in-picture; web-share\" referrerpolicy=\"strict-origin-when-cross-origin\" allowfullscreen><\/iframe>\n<\/div><\/figure>\n","protected":false},"excerpt":{"rendered":"","protected":false},"author":1,"featured_media":0,"parent":0,"menu_order":0,"comment_status":"closed","ping_status":"closed","template":"page-no-title","meta":{"footnotes":""},"class_list":["post-11","page","type-page","status-publish","hentry"],"_links":{"self":[{"href":"https:\/\/cuentapublica.dpp.cl\/index.php?rest_route=\/wp\/v2\/pages\/11","targetHints":{"allow":["GET"]}}],"collection":[{"href":"https:\/\/cuentapublica.dpp.cl\/index.php?rest_route=\/wp\/v2\/pages"}],"about":[{"href":"https:\/\/cuentapublica.dpp.cl\/index.php?rest_route=\/wp\/v2\/types\/page"}],"author":[{"embeddable":true,"href":"https:\/\/cuentapublica.dpp.cl\/index.php?rest_route=\/wp\/v2\/users\/1"}],"replies":[{"embeddable":true,"href":"https:\/\/cuentapublica.dpp.cl\/index.php?rest_route=%2Fwp%2Fv2%2Fcomments&post=11"}],"version-history":[{"count":5,"href":"https:\/\/cuentapublica.dpp.cl\/index.php?rest_route=\/wp\/v2\/pages\/11\/revisions"}],"predecessor-version":[{"id":228,"href":"https:\/\/cuentapublica.dpp.cl\/index.php?rest_route=\/wp\/v2\/pages\/11\/revisions\/228"}],"wp:attachment":[{"href":"https:\/\/cuentapublica.dpp.cl\/index.php?rest_route=%2Fwp%2Fv2%2Fmedia&parent=11"}],"curies":[{"name":"wp","href":"https:\/\/api.w.org\/{rel}","templated":true}]}}