{"id":30,"date":"2025-04-16T13:02:44","date_gmt":"2025-04-16T16:02:44","guid":{"rendered":"https:\/\/cuentapublica.dpp.cl\/?page_id=30"},"modified":"2025-04-16T14:01:16","modified_gmt":"2025-04-16T17:01:16","slug":"proceso-participativo-cuenta-publica-2021","status":"publish","type":"page","link":"https:\/\/cuentapublica.dpp.cl\/?page_id=30","title":{"rendered":"Proceso Participativo Cuenta P\u00fablica 2021"},"content":{"rendered":"\n<figure class=\"wp-block-image size-large\"><img fetchpriority=\"high\" decoding=\"async\" width=\"1024\" height=\"167\" src=\"https:\/\/cuentapublica.dpp.cl\/wp-content\/uploads\/2025\/04\/banner-cta-2021-2048x334-1-1024x167.png\" alt=\"\" class=\"wp-image-31\" srcset=\"https:\/\/cuentapublica.dpp.cl\/wp-content\/uploads\/2025\/04\/banner-cta-2021-2048x334-1-1024x167.png 1024w, https:\/\/cuentapublica.dpp.cl\/wp-content\/uploads\/2025\/04\/banner-cta-2021-2048x334-1-300x49.png 300w, https:\/\/cuentapublica.dpp.cl\/wp-content\/uploads\/2025\/04\/banner-cta-2021-2048x334-1-768x125.png 768w, https:\/\/cuentapublica.dpp.cl\/wp-content\/uploads\/2025\/04\/banner-cta-2021-2048x334-1-1536x251.png 1536w, https:\/\/cuentapublica.dpp.cl\/wp-content\/uploads\/2025\/04\/banner-cta-2021-2048x334-1.png 2048w\" sizes=\"(max-width: 1024px) 100vw, 1024px\" \/><\/figure>\n\n\n\n<div data-wp-interactive=\"core\/file\" class=\"wp-block-file\"><object data-wp-bind--hidden=\"!state.hasPdfPreview\" hidden class=\"wp-block-file__embed\" data=\"https:\/\/cuentapublica.dpp.cl\/wp-content\/uploads\/2025\/04\/Informe_Ejecutivo_2021.pdf\" type=\"application\/pdf\" style=\"width:100%;height:600px\" aria-label=\"Incrustado de Informe_Ejecutivo_2021.\"><\/object><a id=\"wp-block-file--media-a7416684-6118-4cb3-9036-e9eaf307f7c0\" href=\"https:\/\/cuentapublica.dpp.cl\/wp-content\/uploads\/2025\/04\/Informe_Ejecutivo_2021.pdf\">Informe_Ejecutivo_2021<\/a><a href=\"https:\/\/cuentapublica.dpp.cl\/wp-content\/uploads\/2025\/04\/Informe_Ejecutivo_2021.pdf\" class=\"wp-block-file__button wp-element-button\" download aria-describedby=\"wp-block-file--media-a7416684-6118-4cb3-9036-e9eaf307f7c0\">Descargar<\/a><\/div>\n\n\n\n<figure class=\"wp-block-embed is-type-video is-provider-youtube wp-block-embed-youtube wp-embed-aspect-16-9 wp-has-aspect-ratio\"><div class=\"wp-block-embed__wrapper\">\n<iframe title=\"Cuenta P\u00fablica Defensor\u00eda Penal P\u00fablica\" width=\"800\" height=\"450\" src=\"https:\/\/www.youtube.com\/embed\/2eXoLkNZL3U?feature=oembed\" frameborder=\"0\" allow=\"accelerometer; autoplay; clipboard-write; encrypted-media; gyroscope; picture-in-picture; web-share\" referrerpolicy=\"strict-origin-when-cross-origin\" allowfullscreen><\/iframe>\n<\/div><\/figure>\n","protected":false},"excerpt":{"rendered":"","protected":false},"author":1,"featured_media":0,"parent":0,"menu_order":0,"comment_status":"closed","ping_status":"closed","template":"page-no-title","meta":{"footnotes":""},"class_list":["post-30","page","type-page","status-publish","hentry"],"_links":{"self":[{"href":"https:\/\/cuentapublica.dpp.cl\/index.php?rest_route=\/wp\/v2\/pages\/30","targetHints":{"allow":["GET"]}}],"collection":[{"href":"https:\/\/cuentapublica.dpp.cl\/index.php?rest_route=\/wp\/v2\/pages"}],"about":[{"href":"https:\/\/cuentapublica.dpp.cl\/index.php?rest_route=\/wp\/v2\/types\/page"}],"author":[{"embeddable":true,"href":"https:\/\/cuentapublica.dpp.cl\/index.php?rest_route=\/wp\/v2\/users\/1"}],"replies":[{"embeddable":true,"href":"https:\/\/cuentapublica.dpp.cl\/index.php?rest_route=%2Fwp%2Fv2%2Fcomments&post=30"}],"version-history":[{"count":2,"href":"https:\/\/cuentapublica.dpp.cl\/index.php?rest_route=\/wp\/v2\/pages\/30\/revisions"}],"predecessor-version":[{"id":40,"href":"https:\/\/cuentapublica.dpp.cl\/index.php?rest_route=\/wp\/v2\/pages\/30\/revisions\/40"}],"wp:attachment":[{"href":"https:\/\/cuentapublica.dpp.cl\/index.php?rest_route=%2Fwp%2Fv2%2Fmedia&parent=30"}],"curies":[{"name":"wp","href":"https:\/\/api.w.org\/{rel}","templated":true}]}}