{"id":86,"date":"2025-05-07T15:56:29","date_gmt":"2025-05-07T18:56:29","guid":{"rendered":"https:\/\/cuentapublica.dpp.cl\/?page_id=86"},"modified":"2025-09-15T12:44:48","modified_gmt":"2025-09-15T15:44:48","slug":"proceso-participativo-cuenta-publica-2024-2","status":"publish","type":"page","link":"https:\/\/cuentapublica.dpp.cl\/?page_id=86","title":{"rendered":"Proceso Participativo Cuenta P\u00fablica 2024"},"content":{"rendered":"\t\t<div data-elementor-type=\"wp-page\" data-elementor-id=\"86\" class=\"elementor elementor-86\" data-elementor-post-type=\"page\">\n\t\t\t\t<div class=\"elementor-element elementor-element-393afc1 e-flex e-con-boxed e-con e-parent\" data-id=\"393afc1\" data-element_type=\"container\" data-e-type=\"container\" data-settings=\"{&quot;background_background&quot;:&quot;classic&quot;}\">\n\t\t\t\t\t<div class=\"e-con-inner\">\n\t\t\t\t<div class=\"elementor-element elementor-element-3f89d91a elementor-widget elementor-widget-text-editor\" data-id=\"3f89d91a\" data-element_type=\"widget\" data-e-type=\"widget\" data-widget_type=\"text-editor.default\">\n\t\t\t\t<div class=\"elementor-widget-container\">\n\t\t\t\t\t\t\t\t\t<figure class=\"wp-block-image size-full\"><img fetchpriority=\"high\" decoding=\"async\" width=\"2560\" height=\"426\" class=\"wp-image-88\" style=\"object-fit: cover;\" src=\"https:\/\/cuentapublica.dpp.cl\/wp-content\/uploads\/2025\/05\/cabeceraPagina-scaled.png\" alt=\"\" srcset=\"https:\/\/cuentapublica.dpp.cl\/wp-content\/uploads\/2025\/05\/cabeceraPagina-scaled.png 2560w, https:\/\/cuentapublica.dpp.cl\/wp-content\/uploads\/2025\/05\/cabeceraPagina-300x50.png 300w, https:\/\/cuentapublica.dpp.cl\/wp-content\/uploads\/2025\/05\/cabeceraPagina-1024x170.png 1024w, https:\/\/cuentapublica.dpp.cl\/wp-content\/uploads\/2025\/05\/cabeceraPagina-768x128.png 768w, https:\/\/cuentapublica.dpp.cl\/wp-content\/uploads\/2025\/05\/cabeceraPagina-1536x256.png 1536w, https:\/\/cuentapublica.dpp.cl\/wp-content\/uploads\/2025\/05\/cabeceraPagina-2048x341.png 2048w\" sizes=\"(max-width: 2560px) 100vw, 2560px\" \/><\/figure>\n<p><!-- \/wp:image --><!-- wp:paragraph --><\/p>\n<p>\u00a0<\/p>\n<p><!-- \/wp:paragraph --><\/p>\t\t\t\t\t\t\t\t<\/div>\n\t\t\t\t<\/div>\n\t\t\t\t\t<\/div>\n\t\t\t\t<\/div>\n\t\t<div class=\"elementor-element elementor-element-dd98d59 e-flex e-con-boxed e-con e-parent\" data-id=\"dd98d59\" data-element_type=\"container\" data-e-type=\"container\" data-settings=\"{&quot;background_background&quot;:&quot;classic&quot;}\">\n\t\t\t\t\t<div class=\"e-con-inner\">\n\t\t<div class=\"elementor-element elementor-element-5d18948 e-con-full e-flex e-con e-child\" data-id=\"5d18948\" data-element_type=\"container\" data-e-type=\"container\" data-settings=\"{&quot;background_background&quot;:&quot;classic&quot;}\">\n\t\t\t\t<div class=\"elementor-element elementor-element-3284fbd elementor-widget elementor-widget-heading\" data-id=\"3284fbd\" data-element_type=\"widget\" data-e-type=\"widget\" data-widget_type=\"heading.default\">\n\t\t\t\t<div class=\"elementor-widget-container\">\n\t\t\t\t\t<h5 class=\"elementor-heading-title elementor-size-default\">PROCESO PARTICIPATIVO CUENTA P\u00daBLICA 2024<\/h5>\t\t\t\t<\/div>\n\t\t\t\t<\/div>\n\t\t\t\t<\/div>\n\t\t<div class=\"elementor-element elementor-element-a119d64 e-con-full e-flex e-con e-child\" data-id=\"a119d64\" data-element_type=\"container\" data-e-type=\"container\">\n\t\t\t\t<\/div>\n\t\t\t\t\t<\/div>\n\t\t\t\t<\/div>\n\t\t<div class=\"elementor-element elementor-element-372779f e-flex e-con-boxed e-con e-parent\" data-id=\"372779f\" data-element_type=\"container\" data-e-type=\"container\" data-settings=\"{&quot;background_background&quot;:&quot;classic&quot;}\">\n\t\t\t\t\t<div class=\"e-con-inner\">\n\t\t<div class=\"elementor-element elementor-element-5b5f47d e-con-full e-flex e-con e-child\" data-id=\"5b5f47d\" data-element_type=\"container\" data-e-type=\"container\" data-settings=\"{&quot;background_background&quot;:&quot;classic&quot;}\">\n\t\t\t\t<div class=\"elementor-element elementor-element-6dce1f4 elementor-widget elementor-widget-text-editor\" data-id=\"6dce1f4\" data-element_type=\"widget\" data-e-type=\"widget\" data-widget_type=\"text-editor.default\">\n\t\t\t\t<div class=\"elementor-widget-container\">\n\t\t\t\t\t\t\t\t\t<p>Desde su creaci\u00f3n, la Defensor\u00eda Penal P\u00fablica ha buscado acercar la justicia a toda la comunidad de manera clara, transparente y participativa. de manera que todas las personas puedan conocer los roles, funciones y responsabilidades de la instituci\u00f3n, as\u00ed como las obligaciones y derechos que les corresponden frente al sistema penal.<\/p>\n<p>La Defensor\u00eda postula que la transparencia y la participaci\u00f3n contribuyen a mejorar la confianza en las instituciones y a fortalecer el estado de derecho y la paz social.<\/p>\n<p>Por lo mismo, la instituci\u00f3n pone a disposici\u00f3n del p\u00fablico el Informe Ejecutivo de la gesti\u00f3n 2024 del servicio, hito que inicia el proceso participativo de la Cuenta P\u00fablica.<\/p>\t\t\t\t\t\t\t\t<\/div>\n\t\t\t\t<\/div>\n\t\t\t\t<\/div>\n\t\t<div class=\"elementor-element elementor-element-a058539 e-con-full e-flex e-con e-child\" data-id=\"a058539\" data-element_type=\"container\" data-e-type=\"container\">\n\t\t\t\t<div class=\"elementor-element elementor-element-278f4bc elementor-widget elementor-widget-video\" data-id=\"278f4bc\" data-element_type=\"widget\" data-e-type=\"widget\" data-settings=\"{&quot;youtube_url&quot;:&quot;https:\\\/\\\/www.youtube.com\\\/embed\\\/iWBKrjzdwkY&quot;,&quot;video_type&quot;:&quot;youtube&quot;,&quot;controls&quot;:&quot;yes&quot;}\" data-widget_type=\"video.default\">\n\t\t\t\t<div class=\"elementor-widget-container\">\n\t\t\t\t\t\t\t<div class=\"elementor-wrapper elementor-open-inline\">\n\t\t\t<div class=\"elementor-video\"><\/div>\t\t<\/div>\n\t\t\t\t\t\t<\/div>\n\t\t\t\t<\/div>\n\t\t<div class=\"elementor-element elementor-element-a93512a e-con-full e-flex e-con e-child\" data-id=\"a93512a\" data-element_type=\"container\" data-e-type=\"container\">\n\t\t\t\t<div class=\"elementor-element elementor-element-b19952b elementor-align-right elementor-widget elementor-widget-button\" data-id=\"b19952b\" data-element_type=\"widget\" data-e-type=\"widget\" data-widget_type=\"button.default\">\n\t\t\t\t<div class=\"elementor-widget-container\">\n\t\t\t\t\t\t\t\t\t<div class=\"elementor-button-wrapper\">\n\t\t\t\t\t<a class=\"elementor-button elementor-button-link elementor-size-sm\" href=\"https:\/\/cuentapublica.dpp.cl\/?page_id=243\" target=\"_blank\">\n\t\t\t\t\t\t<span class=\"elementor-button-content-wrapper\">\n\t\t\t\t\t\t\t\t\t<span class=\"elementor-button-text\">Revisa aqu\u00ed el Informe de la Cuenta P\u00fablica<\/span>\n\t\t\t\t\t<\/span>\n\t\t\t\t\t<\/a>\n\t\t\t\t<\/div>\n\t\t\t\t\t\t\t\t<\/div>\n\t\t\t\t<\/div>\n\t\t\t\t<div class=\"elementor-element elementor-element-7e79d4b elementor-align-right elementor-widget elementor-widget-button\" data-id=\"7e79d4b\" data-element_type=\"widget\" data-e-type=\"widget\" data-widget_type=\"button.default\">\n\t\t\t\t<div class=\"elementor-widget-container\">\n\t\t\t\t\t\t\t\t\t<div class=\"elementor-button-wrapper\">\n\t\t\t\t\t<a class=\"elementor-button elementor-button-link elementor-size-sm\" href=\"https:\/\/cuentapublica.dpp.cl\/?page_id=222\" target=\"_blank\">\n\t\t\t\t\t\t<span class=\"elementor-button-content-wrapper\">\n\t\t\t\t\t\t\t\t\t<span class=\"elementor-button-text\">Revisa ac\u00e1 el discurso de la gesti\u00f3n 2024<\/span>\n\t\t\t\t\t<\/span>\n\t\t\t\t\t<\/a>\n\t\t\t\t<\/div>\n\t\t\t\t\t\t\t\t<\/div>\n\t\t\t\t<\/div>\n\t\t\t\t<div class=\"elementor-element elementor-element-22fd8ac elementor-align-right elementor-widget elementor-widget-button\" data-id=\"22fd8ac\" data-element_type=\"widget\" data-e-type=\"widget\" data-widget_type=\"button.default\">\n\t\t\t\t<div class=\"elementor-widget-container\">\n\t\t\t\t\t\t\t\t\t<div class=\"elementor-button-wrapper\">\n\t\t\t\t\t<a class=\"elementor-button elementor-button-link elementor-size-sm\" href=\"https:\/\/cuentapublica.dpp.cl\/?page_id=111\" target=\"_blank\">\n\t\t\t\t\t\t<span class=\"elementor-button-content-wrapper\">\n\t\t\t\t\t\t\t\t\t<span class=\"elementor-button-text\">Revisa ac\u00e1 el informe ejecutivo 2024<\/span>\n\t\t\t\t\t<\/span>\n\t\t\t\t\t<\/a>\n\t\t\t\t<\/div>\n\t\t\t\t\t\t\t\t<\/div>\n\t\t\t\t<\/div>\n\t\t\t\t<\/div>\n\t\t\t\t<\/div>\n\t\t\t\t\t<\/div>\n\t\t\t\t<\/div>\n\t\t\t\t<\/div>\n\t\t","protected":false},"excerpt":{"rendered":"<p>\u00a0 PROCESO PARTICIPATIVO CUENTA P\u00daBLICA 2024 Desde su creaci\u00f3n, la Defensor\u00eda Penal P\u00fablica ha buscado acercar la justicia a toda la comunidad de manera clara, transparente y participativa. de manera que todas las personas puedan conocer los roles, funciones y responsabilidades de la instituci\u00f3n, as\u00ed como las obligaciones y derechos que les corresponden frente al [&hellip;]<\/p>\n","protected":false},"author":1,"featured_media":0,"parent":0,"menu_order":0,"comment_status":"closed","ping_status":"closed","template":"","meta":{"footnotes":""},"class_list":["post-86","page","type-page","status-publish","hentry"],"_links":{"self":[{"href":"https:\/\/cuentapublica.dpp.cl\/index.php?rest_route=\/wp\/v2\/pages\/86","targetHints":{"allow":["GET"]}}],"collection":[{"href":"https:\/\/cuentapublica.dpp.cl\/index.php?rest_route=\/wp\/v2\/pages"}],"about":[{"href":"https:\/\/cuentapublica.dpp.cl\/index.php?rest_route=\/wp\/v2\/types\/page"}],"author":[{"embeddable":true,"href":"https:\/\/cuentapublica.dpp.cl\/index.php?rest_route=\/wp\/v2\/users\/1"}],"replies":[{"embeddable":true,"href":"https:\/\/cuentapublica.dpp.cl\/index.php?rest_route=%2Fwp%2Fv2%2Fcomments&post=86"}],"version-history":[{"count":53,"href":"https:\/\/cuentapublica.dpp.cl\/index.php?rest_route=\/wp\/v2\/pages\/86\/revisions"}],"predecessor-version":[{"id":258,"href":"https:\/\/cuentapublica.dpp.cl\/index.php?rest_route=\/wp\/v2\/pages\/86\/revisions\/258"}],"wp:attachment":[{"href":"https:\/\/cuentapublica.dpp.cl\/index.php?rest_route=%2Fwp%2Fv2%2Fmedia&parent=86"}],"curies":[{"name":"wp","href":"https:\/\/api.w.org\/{rel}","templated":true}]}}